{"id":41,"date":"2017-09-23T17:13:39","date_gmt":"2017-09-23T15:13:39","guid":{"rendered":"https:\/\/ra-cabak.de\/?page_id=41"},"modified":"2023-02-14T13:38:51","modified_gmt":"2023-02-14T12:38:51","slug":"kanzleien","status":"publish","type":"page","link":"https:\/\/ra-cabak.de\/tr\/kanzleien\/","title":{"rendered":"Hakk\u0131m\u0131zda"},"content":{"rendered":"<div id=\"pl-41\"  class=\"panel-layout\" ><div id=\"pg-41-0\"  class=\"panel-grid panel-no-style\" ><div id=\"pgc-41-0-0\"  class=\"panel-grid-cell\" ><div id=\"panel-41-0-0-0\" class=\"so-panel widget widget_sow-editor panel-first-child panel-last-child\" data-index=\"0\" ><div class=\"so-widget-sow-editor so-widget-sow-editor-base\">\n<div class=\"siteorigin-widget-tinymce textwidget\">\n\t<p>T\u00fcrkiye ve Almanya\u2019daki hukuk b\u00fcrolarimizda m\u00fcvekkillerimize her t\u00fcrl\u00fc hukuki sorunlarinda en iyi hizmeti vermekteyiz.<\/p>\n<p>M\u00fcvekkillerimize T\u00fcrkiye\u2019deki hukuk b\u00fcromuzda 1997\u2019den Almanya\u2019daki hukuk b\u00fcromuzda ise 2005 yilindan beri her t\u00fcrl\u00fc danismanlik ve avukatlik hizmeti vermekteyiz.<\/p>\n<p>Almanya\u2019daki b\u00fcromuz vasitasi ile Almanya\u2019daki m\u00fcvekkillerimiz<br \/>\nkendilerini dogrudan T\u00fcrkiye\u2019de temsil ettirme ve sorunlarini rahat<br \/>\nbir sekilde \u00e7\u00f6zme imkanina sahiptirler.<\/p>\n<\/div>\n<\/div><\/div><\/div><div id=\"pgc-41-0-1\"  class=\"panel-grid-cell\" ><div id=\"panel-41-0-1-0\" class=\"so-panel widget widget_sow-image panel-first-child panel-last-child\" data-index=\"1\" ><div class=\"so-widget-sow-image so-widget-sow-image-default-813df796d9b1\">\n\n<div class=\"sow-image-container\">\n\t<img src=\"https:\/\/ra-cabak.de\/wp-content\/uploads\/2017\/09\/P1040434-1024x768.jpg\" width=\"640\" height=\"480\" srcset=\"https:\/\/ra-cabak.de\/wp-content\/uploads\/2017\/09\/P1040434-1024x768.jpg 1024w, https:\/\/ra-cabak.de\/wp-content\/uploads\/2017\/09\/P1040434-300x225.jpg 300w, https:\/\/ra-cabak.de\/wp-content\/uploads\/2017\/09\/P1040434-768x576.jpg 768w, https:\/\/ra-cabak.de\/wp-content\/uploads\/2017\/09\/P1040434-400x300.jpg 400w\" sizes=\"(max-width: 640px) 100vw, 640px\" \t\tclass=\"so-widget-image\"\/>\n<\/div>\n\n<\/div><\/div><\/div><\/div><div id=\"pg-41-1\"  class=\"panel-grid panel-no-style\" ><div id=\"pgc-41-1-0\"  class=\"panel-grid-cell\" ><div id=\"panel-41-1-0-0\" class=\"so-panel widget widget_sow-editor panel-first-child panel-last-child\" data-index=\"2\" ><div class=\"so-widget-sow-editor so-widget-sow-editor-base\"><h3 class=\"widget-title\">B\u00fcro Krefeld<\/h3>\n<div class=\"siteorigin-widget-tinymce textwidget\">\n\t<p>Carl-Wilhelm-Str. 30<br \/>\n47798 Krefeld<br \/>\nTel.: ?<br \/>\nFax: ?<br \/>\nMobil: +49 (0) 177 \/ 786 69 61<\/p>\n<\/div>\n<\/div><\/div><\/div><div id=\"pgc-41-1-1\"  class=\"panel-grid-cell\" ><div id=\"panel-41-1-1-0\" class=\"so-panel widget widget_sow-editor panel-first-child panel-last-child\" data-index=\"3\" ><div class=\"so-widget-sow-editor so-widget-sow-editor-base\"><h3 class=\"widget-title\">B\u00fcro Duisburg<\/h3>\n<div class=\"siteorigin-widget-tinymce textwidget\">\n\t<p>K\u00f6nigstra\u00dfe 54<br \/>\n47051 Duisburg (Zentrum)<br \/>\nTel.:\u00a0+49 (0) 203 \/ 578 35 58<br \/>\nFax: +49 (0) 203 \/ 570 81 28<br \/>\nMobil: +49 (0) 177 \/ 786 69 61<\/p>\n<\/div>\n<\/div><\/div><\/div><div id=\"pgc-41-1-2\"  class=\"panel-grid-cell\" ><div id=\"panel-41-1-2-0\" class=\"so-panel widget widget_sow-editor panel-first-child panel-last-child\" data-index=\"4\" ><div class=\"so-widget-sow-editor so-widget-sow-editor-base\"><h3 class=\"widget-title\">B\u00fcro Izmir, T\u00fcrkei<\/h3>\n<div class=\"siteorigin-widget-tinymce textwidget\">\n\t<p>Mansuroglu Mah. 1593\/1 Sk. No:28 Kat:3 B\u00fcro:7<br \/>\nIhsan G\u00fcltekin Apt.<br \/>\n35535 Bayrakli, Izmir - T\u00fcrkiye<br \/>\nTel.: +90 (0) 232 \/ 435 34 47<br \/>\nFax: +90 (0) 232 \/ 435 20 54<\/p>\n<\/div>\n<\/div><\/div><\/div><\/div><div id=\"pg-41-2\"  class=\"panel-grid panel-no-style\" ><div id=\"pgc-41-2-0\"  class=\"panel-grid-cell\" ><div id=\"panel-41-2-0-0\" class=\"so-panel widget widget_sow-editor panel-first-child panel-last-child\" data-index=\"5\" ><div class=\"so-widget-sow-editor so-widget-sow-editor-base\"><h3 class=\"widget-title\">Ileti\u015fim<\/h3>\n<div class=\"siteorigin-widget-tinymce textwidget\">\n\t<div role=\"form\" class=\"wpcf7\" id=\"wpcf7-f18-o1\" lang=\"de-DE\" dir=\"ltr\">\n<div class=\"screen-reader-response\"><\/div>\n<form action=\"\/tr\/wp-json\/wp\/v2\/pages\/41#wpcf7-f18-o1\" method=\"post\" class=\"wpcf7-form\" novalidate=\"novalidate\">\n<div style=\"display: none;\">\n<input type=\"hidden\" name=\"_wpcf7\" value=\"18\" \/><br \/>\n<input type=\"hidden\" name=\"_wpcf7_version\" value=\"4.9.1\" \/><br \/>\n<input type=\"hidden\" name=\"_wpcf7_locale\" value=\"de_DE\" \/><br \/>\n<input type=\"hidden\" name=\"_wpcf7_unit_tag\" value=\"wpcf7-f18-o1\" \/><br \/>\n<input type=\"hidden\" name=\"_wpcf7_container_post\" value=\"0\" \/>\n<\/div>\n<p><label> Name \/ Isim *<br \/>\n    <span class=\"wpcf7-form-control-wrap your-name\"><input type=\"text\" name=\"your-name\" value=\"\" size=\"40\" class=\"wpcf7-form-control wpcf7-text wpcf7-validates-as-required\" aria-required=\"true\" aria-invalid=\"false\" \/><\/span> <\/label><\/p>\n<p><label> E-Mail *<br \/>\n    <span class=\"wpcf7-form-control-wrap your-email\"><input type=\"email\" name=\"your-email\" value=\"\" size=\"40\" class=\"wpcf7-form-control wpcf7-text wpcf7-email wpcf7-validates-as-required wpcf7-validates-as-email\" aria-required=\"true\" aria-invalid=\"false\" \/><\/span> <\/label><\/p>\n<p><label> Betreff \/ Konu<br \/>\n    <span class=\"wpcf7-form-control-wrap your-subject\"><input type=\"text\" name=\"your-subject\" value=\"\" size=\"40\" class=\"wpcf7-form-control wpcf7-text\" aria-invalid=\"false\" \/><\/span> <\/label><\/p>\n<p><label> Nachricht \/ Mesaj<br \/>\n    <span class=\"wpcf7-form-control-wrap your-message\"><textarea name=\"your-message\" cols=\"40\" rows=\"10\" class=\"wpcf7-form-control wpcf7-textarea\" aria-invalid=\"false\"><\/textarea><\/span> <\/label><\/p>\n<p><input type=\"submit\" value=\"Senden \/ G\u00f6nder\" class=\"wpcf7-form-control wpcf7-submit\" \/><\/p>\n<div class=\"wpcf7-response-output wpcf7-display-none\"><\/div>\n<\/form>\n<\/div>\n<\/div>\n<\/div><\/div><\/div><\/div><\/div>","protected":false},"excerpt":{"rendered":"<p>T\u00fcrkiye ve Almanya\u2019daki hukuk b\u00fcrolarimizda m\u00fcvekkillerimize her t\u00fcrl\u00fc hukuki sorunlarinda en iyi hizmeti vermekteyiz. M\u00fcvekkillerimize T\u00fcrkiye\u2019deki hukuk b\u00fcromuzda 1997\u2019den Almanya\u2019daki hukuk b\u00fcromuzda ise 2005 yilindan beri her t\u00fcrl\u00fc danismanlik ve avukatlik hizmeti vermekteyiz. Almanya\u2019daki b\u00fcromuz vasitasi ile Almanya\u2019daki m\u00fcvekkillerimiz kendilerini dogrudan T\u00fcrkiye\u2019de temsil ettirme ve sorunlarini rahat bir sekilde \u00e7\u00f6zme imkanina sahiptirler. B\u00fcro Krefeld Carl-Wilhelm-Str. [&hellip;]<\/p>\n","protected":false},"author":1,"featured_media":0,"parent":0,"menu_order":0,"comment_status":"closed","ping_status":"closed","template":"","meta":[],"_links":{"self":[{"href":"https:\/\/ra-cabak.de\/tr\/wp-json\/wp\/v2\/pages\/41"}],"collection":[{"href":"https:\/\/ra-cabak.de\/tr\/wp-json\/wp\/v2\/pages"}],"about":[{"href":"https:\/\/ra-cabak.de\/tr\/wp-json\/wp\/v2\/types\/page"}],"author":[{"embeddable":true,"href":"https:\/\/ra-cabak.de\/tr\/wp-json\/wp\/v2\/users\/1"}],"replies":[{"embeddable":true,"href":"https:\/\/ra-cabak.de\/tr\/wp-json\/wp\/v2\/comments?post=41"}],"version-history":[{"count":25,"href":"https:\/\/ra-cabak.de\/tr\/wp-json\/wp\/v2\/pages\/41\/revisions"}],"predecessor-version":[{"id":350,"href":"https:\/\/ra-cabak.de\/tr\/wp-json\/wp\/v2\/pages\/41\/revisions\/350"}],"wp:attachment":[{"href":"https:\/\/ra-cabak.de\/tr\/wp-json\/wp\/v2\/media?parent=41"}],"curies":[{"name":"wp","href":"https:\/\/api.w.org\/{rel}","templated":true}]}}