{"id":44,"date":"2017-09-23T17:14:25","date_gmt":"2017-09-23T15:14:25","guid":{"rendered":"https:\/\/ra-cabak.de\/?page_id=44"},"modified":"2018-01-15T14:14:35","modified_gmt":"2018-01-15T13:14:35","slug":"schwerpunkte","status":"publish","type":"page","link":"https:\/\/ra-cabak.de\/tr\/schwerpunkte\/","title":{"rendered":"Faliyet alanlar\u0131m\u0131z"},"content":{"rendered":"<div id=\"pl-44\"  class=\"panel-layout\" ><div id=\"pg-44-0\"  class=\"panel-grid panel-no-style\" ><div id=\"pgc-44-0-0\"  class=\"panel-grid-cell\" ><div id=\"panel-44-0-0-0\" class=\"so-panel widget widget_sow-editor panel-first-child panel-last-child\" data-index=\"0\" ><div class=\"so-widget-sow-editor so-widget-sow-editor-base\">\n<div class=\"siteorigin-widget-tinymce textwidget\">\n\t<p>Unsere Anwaltskanzleien in Duisburg und in Izmir beraten und vertreten Sie als unseren Mandanten in allen Bereichen des \u00f6ffentlichen und privaten Rechts. Wir sind unter anderem auf folgenden Gebieten t\u00e4tig:<\/p>\n<ul>\n<li><strong>Familienrecht, Scheidungen und Anerkennung- und Vollstreckung des deutschen Scheidungsurteils in der T\u00fcrkei<\/strong><\/li>\n<li><strong>Urheberrecht<\/strong><\/li>\n<li><strong>Schuldrecht<\/strong><\/li>\n<li><strong>Mietrecht<\/strong><\/li>\n<li><strong>Erbrecht<\/strong><\/li>\n<li><strong>Baurecht<\/strong><\/li>\n<li><strong>Strafrecht<\/strong><\/li>\n<li><strong>Arbeitsrecht<\/strong><\/li>\n<li><strong>Handelsrecht<\/strong><\/li>\n<li><strong>Gesellschafts- und Unternehmensrecht<\/strong><\/li>\n<li><strong>Verkehrs- und Verkehrsunfallrecht<\/strong><\/li>\n<li><strong>Mahnwesen und Zwangsvollstreckung<\/strong><\/li>\n<li><strong>Steuerrecht<\/strong><\/li>\n<\/ul>\n<\/div>\n<\/div><\/div><\/div><div id=\"pgc-44-0-1\"  class=\"panel-grid-cell\" ><div id=\"panel-44-0-1-0\" class=\"so-panel widget widget_sow-image panel-first-child panel-last-child\" data-index=\"1\" ><div class=\"so-widget-sow-image so-widget-sow-image-default-eef982a7180b\">\n\n<div class=\"sow-image-container\">\n\t<img src=\"https:\/\/ra-cabak.de\/wp-content\/uploads\/2017\/07\/bookcase-335851_1280.jpg\" width=\"1280\" height=\"850\" srcset=\"https:\/\/ra-cabak.de\/wp-content\/uploads\/2017\/07\/bookcase-335851_1280.jpg 1280w, https:\/\/ra-cabak.de\/wp-content\/uploads\/2017\/07\/bookcase-335851_1280-300x199.jpg 300w, https:\/\/ra-cabak.de\/wp-content\/uploads\/2017\/07\/bookcase-335851_1280-768x510.jpg 768w, https:\/\/ra-cabak.de\/wp-content\/uploads\/2017\/07\/bookcase-335851_1280-1024x680.jpg 1024w\" sizes=\"(max-width: 1280px) 100vw, 1280px\" \t\tclass=\"so-widget-image\"\/>\n<\/div>\n\n<\/div><\/div><\/div><\/div><div id=\"pg-44-1\"  class=\"panel-grid panel-no-style\" ><div id=\"pgc-44-1-0\"  class=\"panel-grid-cell\" ><div id=\"panel-44-1-0-0\" class=\"so-panel widget widget_sow-editor panel-first-child panel-last-child\" data-index=\"2\" ><div class=\"so-widget-sow-editor so-widget-sow-editor-base\"><h3 class=\"widget-title\">Kontaktieren Sie uns<\/h3>\n<div class=\"siteorigin-widget-tinymce textwidget\">\n\t<div role=\"form\" class=\"wpcf7\" id=\"wpcf7-f18-o1\" lang=\"de-DE\" dir=\"ltr\">\n<div class=\"screen-reader-response\"><\/div>\n<form action=\"\/tr\/wp-json\/wp\/v2\/pages\/44#wpcf7-f18-o1\" method=\"post\" class=\"wpcf7-form\" novalidate=\"novalidate\">\n<div style=\"display: none;\">\n<input type=\"hidden\" name=\"_wpcf7\" value=\"18\" \/><br \/>\n<input type=\"hidden\" name=\"_wpcf7_version\" value=\"4.9.1\" \/><br \/>\n<input type=\"hidden\" name=\"_wpcf7_locale\" value=\"de_DE\" \/><br \/>\n<input type=\"hidden\" name=\"_wpcf7_unit_tag\" value=\"wpcf7-f18-o1\" \/><br \/>\n<input type=\"hidden\" name=\"_wpcf7_container_post\" value=\"0\" \/>\n<\/div>\n<p><label> Name \/ Isim *<br \/>\n    <span class=\"wpcf7-form-control-wrap your-name\"><input type=\"text\" name=\"your-name\" value=\"\" size=\"40\" class=\"wpcf7-form-control wpcf7-text wpcf7-validates-as-required\" aria-required=\"true\" aria-invalid=\"false\" \/><\/span> <\/label><\/p>\n<p><label> E-Mail *<br \/>\n    <span class=\"wpcf7-form-control-wrap your-email\"><input type=\"email\" name=\"your-email\" value=\"\" size=\"40\" class=\"wpcf7-form-control wpcf7-text wpcf7-email wpcf7-validates-as-required wpcf7-validates-as-email\" aria-required=\"true\" aria-invalid=\"false\" \/><\/span> <\/label><\/p>\n<p><label> Betreff \/ Konu<br \/>\n    <span class=\"wpcf7-form-control-wrap your-subject\"><input type=\"text\" name=\"your-subject\" value=\"\" size=\"40\" class=\"wpcf7-form-control wpcf7-text\" aria-invalid=\"false\" \/><\/span> <\/label><\/p>\n<p><label> Nachricht \/ Mesaj<br \/>\n    <span class=\"wpcf7-form-control-wrap your-message\"><textarea name=\"your-message\" cols=\"40\" rows=\"10\" class=\"wpcf7-form-control wpcf7-textarea\" aria-invalid=\"false\"><\/textarea><\/span> <\/label><\/p>\n<p><input type=\"submit\" value=\"Senden \/ G\u00f6nder\" class=\"wpcf7-form-control wpcf7-submit\" \/><\/p>\n<div class=\"wpcf7-response-output wpcf7-display-none\"><\/div>\n<\/form>\n<\/div>\n<\/div>\n<\/div><\/div><\/div><\/div><\/div>","protected":false},"excerpt":{"rendered":"<p>Unsere Anwaltskanzleien in Duisburg und in Izmir beraten und vertreten Sie als unseren Mandanten in allen Bereichen des \u00f6ffentlichen und privaten Rechts. Wir sind unter anderem auf folgenden Gebieten t\u00e4tig: Familienrecht, Scheidungen und Anerkennung- und Vollstreckung des deutschen Scheidungsurteils in der T\u00fcrkei Urheberrecht Schuldrecht Mietrecht Erbrecht Baurecht Strafrecht Arbeitsrecht Handelsrecht Gesellschafts- und Unternehmensrecht Verkehrs- und [&hellip;]<\/p>\n","protected":false},"author":1,"featured_media":0,"parent":0,"menu_order":0,"comment_status":"closed","ping_status":"closed","template":"","meta":[],"_links":{"self":[{"href":"https:\/\/ra-cabak.de\/tr\/wp-json\/wp\/v2\/pages\/44"}],"collection":[{"href":"https:\/\/ra-cabak.de\/tr\/wp-json\/wp\/v2\/pages"}],"about":[{"href":"https:\/\/ra-cabak.de\/tr\/wp-json\/wp\/v2\/types\/page"}],"author":[{"embeddable":true,"href":"https:\/\/ra-cabak.de\/tr\/wp-json\/wp\/v2\/users\/1"}],"replies":[{"embeddable":true,"href":"https:\/\/ra-cabak.de\/tr\/wp-json\/wp\/v2\/comments?post=44"}],"version-history":[{"count":21,"href":"https:\/\/ra-cabak.de\/tr\/wp-json\/wp\/v2\/pages\/44\/revisions"}],"predecessor-version":[{"id":325,"href":"https:\/\/ra-cabak.de\/tr\/wp-json\/wp\/v2\/pages\/44\/revisions\/325"}],"wp:attachment":[{"href":"https:\/\/ra-cabak.de\/tr\/wp-json\/wp\/v2\/media?parent=44"}],"curies":[{"name":"wp","href":"https:\/\/api.w.org\/{rel}","templated":true}]}}